{"id":1688,"date":"2020-03-27T22:55:34","date_gmt":"2020-03-28T01:55:34","guid":{"rendered":"http:\/\/coronavirus.hortolandia.sp.gov.br\/?page_id=1688"},"modified":"2022-02-03T14:30:31","modified_gmt":"2022-02-03T17:30:31","slug":"boletim-e-grafico","status":"publish","type":"page","link":"https:\/\/coronavirus.hortolandia.sp.gov.br\/index.php\/boletim-e-grafico\/","title":{"rendered":"Boletim"},"content":{"rendered":"\n<h3>Boletim<\/h3>\n\n\n\n<p align=\"center\"><iframe loading=\"lazy\" src=\"https:\/\/docs.google.com\/presentation\/d\/e\/2PACX-1vTyIF0eVFY-5RCE_aIVJ1As8DnlkXIIJdM3yaRaj7_Xgg7Fa6GgCArdFb1JDFeVXFAZo9qS1pfHU_L4\/embed\" frameborder=\"0\" width=\"471\" height=\"500\"><\/iframe>\n\n\n\n<p class=\"has-text-align-center\" style=\"font-size:10px\">Dados referentes ao \u00faltimo boletim oficial divulgado pela&nbsp;<strong>Secretaria de Estado de Sa\u00fade.<\/strong>  <br>Todos os casos suspeitos e confirmados, est\u00e3o sendo acompanhados pela Secretaria Municipal de Sa\u00fade.  <br>A partir de 17\/05, os casos de s\u00edndrome gripal sem coleta de exames est\u00e3o exclu\u00eddos dos boletins di\u00e1rios.  <br>Somente constar\u00e3o nos relat\u00f3rios, os casos notificados em que s\u00e3o colhidos exames para diagnosticar pacientes contaminados pelo Coronav\u00edrus.<\/p>\n\n\n\n<hr class=\"wp-block-separator\"\/>\n\n\n\n<div class=\"wp-container-2 wp-block-columns alignwide\">\n<div class=\"wp-container-1 wp-block-column\" style=\"flex-basis:100%\">\n<p align=\"right\"><iframe loading=\"lazy\" src=\"https:\/\/docs.google.com\/presentation\/d\/e\/2PACX-1vRc5S-L_UPrETW3fbEPrPl92W1gvsn2sIPIBm6OdahshMCc4KyTY37qTqlpYLeZ9R-xW-Stj6_bv9mb\/embed?start=false&amp;loop=false&amp;delayms=3000\" frameborder=\"0\" width=\"471\" height=\"500\"><\/iframe>\n<\/div>\n<\/div>\n\n\n\n<p><\/p>\n","protected":false},"excerpt":{"rendered":"<p>Boletim Dados referentes ao \u00faltimo boletim oficial divulgado pela&nbsp;Secretaria de Estado de Sa\u00fade. Todos os casos suspeitos e confirmados, est\u00e3o sendo acompanhados pela Secretaria Municipal de Sa\u00fade. A partir de &#8230;<\/p>\n","protected":false},"author":1,"featured_media":0,"parent":0,"menu_order":0,"comment_status":"closed","ping_status":"closed","template":"template-fullwidth.php","meta":[],"_links":{"self":[{"href":"https:\/\/coronavirus.hortolandia.sp.gov.br\/index.php\/wp-json\/wp\/v2\/pages\/1688"}],"collection":[{"href":"https:\/\/coronavirus.hortolandia.sp.gov.br\/index.php\/wp-json\/wp\/v2\/pages"}],"about":[{"href":"https:\/\/coronavirus.hortolandia.sp.gov.br\/index.php\/wp-json\/wp\/v2\/types\/page"}],"author":[{"embeddable":true,"href":"https:\/\/coronavirus.hortolandia.sp.gov.br\/index.php\/wp-json\/wp\/v2\/users\/1"}],"replies":[{"embeddable":true,"href":"https:\/\/coronavirus.hortolandia.sp.gov.br\/index.php\/wp-json\/wp\/v2\/comments?post=1688"}],"version-history":[{"count":142,"href":"https:\/\/coronavirus.hortolandia.sp.gov.br\/index.php\/wp-json\/wp\/v2\/pages\/1688\/revisions"}],"predecessor-version":[{"id":3619,"href":"https:\/\/coronavirus.hortolandia.sp.gov.br\/index.php\/wp-json\/wp\/v2\/pages\/1688\/revisions\/3619"}],"wp:attachment":[{"href":"https:\/\/coronavirus.hortolandia.sp.gov.br\/index.php\/wp-json\/wp\/v2\/media?parent=1688"}],"curies":[{"name":"wp","href":"https:\/\/api.w.org\/{rel}","templated":true}]}}