{"id":5,"date":"2020-03-21T11:34:58","date_gmt":"2020-03-21T14:34:58","guid":{"rendered":"http:\/\/coronavirus.hortolandia.sp.gov.br\/?page_id=5"},"modified":"2020-03-25T18:29:03","modified_gmt":"2020-03-25T21:29:03","slug":"o-que-e-o-corona-virus","status":"publish","type":"page","link":"https:\/\/coronavirus.hortolandia.sp.gov.br\/index.php\/o-que-e-o-corona-virus\/","title":{"rendered":"O que \u00e9 o Corona V\u00edrus?"},"content":{"rendered":"\n<h2>O que \u00e9 o Corona V\u00edrus?<\/h2>\n\n\n\n<p>Coronav\u00edrus \u00e9 uma fam\u00edlia de v\u00edrus que causam infec\u00e7\u00f5es respirat\u00f3rias. O novo agente do coronav\u00edrus foi descoberto em 31\/12\/19 ap\u00f3s casos registrados na China. Provoca a doen\u00e7a chamada de coronav\u00edrus (COVID-19).<\/p>\n\n\n\n<p>Os primeiros coronav\u00edrus humanos foram isolados pela primeira vez em 1937. No entanto, foi em 1965 que o v\u00edrus foi descrito como coronav\u00edrus, em decorr\u00eancia do perfil na microscopia, parecendo uma coroa.<\/p>\n\n\n\n<p>A maioria das pessoas se infecta com os coronav\u00edrus comuns ao longo da vida, sendo as crian\u00e7as pequenas mais propensas a se infectarem com o tipo mais comum do v\u00edrus. Os coronav\u00edrus mais comuns que infectam humanos s\u00e3o o alpha coronav\u00edrus 229E e NL63 e beta coronav\u00edrus OC43, HKU1&#8230;<\/p>\n\n\n\n<p>Fonte: Minist\u00e9rio da Sa\u00fade &#8211; Governo Federal<\/p>\n","protected":false},"excerpt":{"rendered":"<p>O que \u00e9 o Corona V\u00edrus? Coronav\u00edrus \u00e9 uma fam\u00edlia de v\u00edrus que causam infec\u00e7\u00f5es respirat\u00f3rias. O novo agente do coronav\u00edrus foi descoberto em 31\/12\/19 ap\u00f3s casos registrados na China. &#8230;<\/p>\n","protected":false},"author":1,"featured_media":0,"parent":0,"menu_order":0,"comment_status":"closed","ping_status":"closed","template":"template-fullwidth.php","meta":[],"_links":{"self":[{"href":"https:\/\/coronavirus.hortolandia.sp.gov.br\/index.php\/wp-json\/wp\/v2\/pages\/5"}],"collection":[{"href":"https:\/\/coronavirus.hortolandia.sp.gov.br\/index.php\/wp-json\/wp\/v2\/pages"}],"about":[{"href":"https:\/\/coronavirus.hortolandia.sp.gov.br\/index.php\/wp-json\/wp\/v2\/types\/page"}],"author":[{"embeddable":true,"href":"https:\/\/coronavirus.hortolandia.sp.gov.br\/index.php\/wp-json\/wp\/v2\/users\/1"}],"replies":[{"embeddable":true,"href":"https:\/\/coronavirus.hortolandia.sp.gov.br\/index.php\/wp-json\/wp\/v2\/comments?post=5"}],"version-history":[{"count":4,"href":"https:\/\/coronavirus.hortolandia.sp.gov.br\/index.php\/wp-json\/wp\/v2\/pages\/5\/revisions"}],"predecessor-version":[{"id":1669,"href":"https:\/\/coronavirus.hortolandia.sp.gov.br\/index.php\/wp-json\/wp\/v2\/pages\/5\/revisions\/1669"}],"wp:attachment":[{"href":"https:\/\/coronavirus.hortolandia.sp.gov.br\/index.php\/wp-json\/wp\/v2\/media?parent=5"}],"curies":[{"name":"wp","href":"https:\/\/api.w.org\/{rel}","templated":true}]}}