{"id":7,"date":"2020-03-21T11:35:09","date_gmt":"2020-03-21T14:35:09","guid":{"rendered":"http:\/\/coronavirus.hortolandia.sp.gov.br\/?page_id=7"},"modified":"2020-08-14T14:54:03","modified_gmt":"2020-08-14T17:54:03","slug":"prevencao-e-tratamento","status":"publish","type":"page","link":"https:\/\/coronavirus.hortolandia.sp.gov.br\/index.php\/prevencao-e-tratamento\/","title":{"rendered":"Preven\u00e7\u00e3o e Tratamento"},"content":{"rendered":"\n<h2>Preven\u00e7\u00e3o e Tratamento<\/h2>\n\n\n\n<div class=\"wp-container-3 wp-block-columns\">\n<div class=\"wp-container-1 wp-block-column\"><\/div>\n\n\n\n<div class=\"wp-container-2 wp-block-column\">\n<p><\/p>\n<\/div>\n<\/div>\n\n\n\n<figure class=\"wp-block-table\"><table><tbody><tr><th>Como prevenir o coronav\u00edrus?<\/th><\/tr><tr><td>O Minist\u00e9rio da Sa\u00fade orienta cuidados b\u00e1sicos para reduzir o risco geral de contrair ou transmitir infec\u00e7\u00f5es respirat\u00f3rias agudas, incluindo o coronav\u00edrus. Entre as medidas est\u00e3o:&nbsp;<\/td><\/tr><\/tbody><\/table><\/figure>\n\n\n\n<ul><li> Lavar as m\u00e3os frequentemente com \u00e1gua e sabonete por pelo menos 20 segundos, respeitando os 5 momentos de higieniza\u00e7\u00e3o. Se n\u00e3o houver \u00e1gua e sabonete, usar um desinfetante para as m\u00e3os \u00e0 base de \u00e1lcool.<\/li><li>Evitar tocar nos olhos, nariz e boca com as m\u00e3os n\u00e3o lavadas.<\/li><li>Evitar contato pr\u00f3ximo com pessoas doentes.<\/li><li>Ficar em casa quando estiver doente.<\/li><li>Cobrir boca e nariz ao tossir ou espirrar com um len\u00e7o de papel e jogar no lixo.<\/li><li>Limpar e desinfetar objetos e superf\u00edcies tocados com freq\u00fc\u00eancia.&nbsp;<\/li><li>Profissionais de sa\u00fade devem utilizar medidas de precau\u00e7\u00e3o padr\u00e3o, de contato e de got\u00edculas (masc\u00e1ra cir\u00fargica, luvas, avental n\u00e3o est\u00e9ril e \u00f3culos de prote\u00e7\u00e3o).&nbsp;<\/li><li>Para a realiza\u00e7\u00e3o de procedimentos que gerem aerossoliza\u00e7\u00e3o de secre\u00e7\u00f5es respirat\u00f3rias como intuba\u00e7\u00e3o, aspira\u00e7\u00e3o de vias a\u00e9reas ou indu\u00e7\u00e3o de escarro, dever\u00e1 ser utilizado precau\u00e7\u00e3o por aeross\u00f3is, com uso de m\u00e1scara N95. <\/li><\/ul>\n\n\n\n<figure class=\"wp-block-table\"><table><tbody><tr><th>Como \u00e9 feito o tratamento do coronav\u00edrus?<\/th><\/tr><tr><td>N\u00e3o existe tratamento espec\u00edfico para infec\u00e7\u00f5es causadas por coronav\u00edrus humano. No caso do coronav\u00edrus \u00e9 indicado repouso e consumo de bastante \u00e1gua, al\u00e9m de algumas medidas adotadas para aliviar os sintomas, conforme cada caso, como, por exemplo:&nbsp;<\/td><\/tr><\/tbody><\/table><\/figure>\n\n\n\n<ul><li>Uso de medicamento para dor e febre (antit\u00e9rmicos e analg\u00e9sicos).<\/li><li>Uso de umidificador no quarto ou tomar banho quente para auxiliar no al\u00edvio da dor de garanta e tosse.&nbsp;Assim que os primeiros sintomas surgirem, \u00e9 fundamental procurar ajuda m\u00e9dica imediata para confirmar diagn\u00f3stico e iniciar o tratamento.&nbsp;<\/li><li>Todos os pacientes que receberem alta durante os primeiros 07 dias do in\u00edcio do quadro (qualquer sintoma independente de febre), devem ser alertados para a possibilidade de piora tardia do quadro cl\u00ednico e sinais de alerta de complica\u00e7\u00f5es como: aparecimento de febre (podendo haver casos iniciais sem febre), eleva\u00e7\u00e3o ou reaparecimento de febre ou sinais respirat\u00f3rios, taquicardia (aumento dos batimentos card\u00edacos), dor pleur\u00edtica (dor no peito), fadiga (cansa\u00e7o) e dispn\u00e9ia (falta de ar).&nbsp; <\/li><\/ul>\n\n\n\n<p> <strong>Se voc\u00ea viajou para a China nos \u00faltimos 14 dias e ficou doente com febre, tosse ou dificuldade de respirar, deve procurar atendimento m\u00e9dico imediatamente e informar detalhadamente o hist\u00f3rico de viagem recente e seus sintomas.<\/strong> <\/p>\n\n\n\n<h3>Como \u00e9 feito o diagn\u00f3stico do coronav\u00edrus?<\/h3>\n\n\n\n<p>O diagn\u00f3stico do coronav\u00edrus \u00e9 feito com a coleta de materiais respirat\u00f3rios (aspira\u00e7\u00e3o de vias a\u00e9reas ou indu\u00e7\u00e3o de escarro). \u00c9 necess\u00e1ria a coleta de duas amostras na suspeita do coronav\u00edrus.<\/p>\n\n\n\n<p>As duas amostras ser\u00e3o encaminhadas com urg\u00eancia para o Laborat\u00f3rio Central de Sa\u00fade P\u00fablica (Lacen).<\/p>\n\n\n\n<p>Uma das amostras ser\u00e1 enviada ao Centro Nacional de Influenza (NIC) e outra amostra ser\u00e1 enviada para an\u00e1lise de metagen\u00f4mica.<\/p>\n\n\n\n<p>Para confirmar a doen\u00e7a \u00e9 necess\u00e1rio realizar exames de biologia molecular que detecte o RNA viral. O diagn\u00f3stico do coronav\u00edrus \u00e9 feito com a coleta&nbsp;de amostra, que est\u00e1 indicada sempre&nbsp;que ocorrer a identifica\u00e7\u00e3o de caso suspeito.&nbsp;<\/p>\n\n\n\n<p>Orienta-se a coleta de aspirado de nasofaringe (ANF)&nbsp;ou swabs combinado (nasal\/oral) ou tamb\u00e9m amostra&nbsp;de secre\u00e7\u00e3o respirat\u00f3ria inferior (escarro ou lavado&nbsp;traqueal ou lavado bronca alveolar).<\/p>\n\n\n\n<p><strong>Os casos graves devem ser encaminhados a um Hospital de Refer\u00eancia para isolamento e tratamento. Os casos leves devem ser acompanhados pela Aten\u00e7\u00e3o Prim\u00e1ria em Sa\u00fade (APS) e institu\u00eddas medidas de precau\u00e7\u00e3o domiciliar.<\/strong><\/p>\n\n\n\n<p><\/p>\n","protected":false},"excerpt":{"rendered":"<p>Preven\u00e7\u00e3o e Tratamento Como prevenir o coronav\u00edrus? O Minist\u00e9rio da Sa\u00fade orienta cuidados b\u00e1sicos para reduzir o risco geral de contrair ou transmitir infec\u00e7\u00f5es respirat\u00f3rias agudas, incluindo o coronav\u00edrus. Entre &#8230;<\/p>\n","protected":false},"author":1,"featured_media":0,"parent":0,"menu_order":0,"comment_status":"closed","ping_status":"closed","template":"template-fullwidth.php","meta":[],"_links":{"self":[{"href":"https:\/\/coronavirus.hortolandia.sp.gov.br\/index.php\/wp-json\/wp\/v2\/pages\/7"}],"collection":[{"href":"https:\/\/coronavirus.hortolandia.sp.gov.br\/index.php\/wp-json\/wp\/v2\/pages"}],"about":[{"href":"https:\/\/coronavirus.hortolandia.sp.gov.br\/index.php\/wp-json\/wp\/v2\/types\/page"}],"author":[{"embeddable":true,"href":"https:\/\/coronavirus.hortolandia.sp.gov.br\/index.php\/wp-json\/wp\/v2\/users\/1"}],"replies":[{"embeddable":true,"href":"https:\/\/coronavirus.hortolandia.sp.gov.br\/index.php\/wp-json\/wp\/v2\/comments?post=7"}],"version-history":[{"count":15,"href":"https:\/\/coronavirus.hortolandia.sp.gov.br\/index.php\/wp-json\/wp\/v2\/pages\/7\/revisions"}],"predecessor-version":[{"id":2524,"href":"https:\/\/coronavirus.hortolandia.sp.gov.br\/index.php\/wp-json\/wp\/v2\/pages\/7\/revisions\/2524"}],"wp:attachment":[{"href":"https:\/\/coronavirus.hortolandia.sp.gov.br\/index.php\/wp-json\/wp\/v2\/media?parent=7"}],"curies":[{"name":"wp","href":"https:\/\/api.w.org\/{rel}","templated":true}]}}